{"id":96,"date":"2015-05-21T09:06:38","date_gmt":"2015-05-21T09:06:38","guid":{"rendered":"http:\/\/siivousvuoksi.fi\/?page_id=96"},"modified":"2018-09-14T06:30:29","modified_gmt":"2018-09-14T06:30:29","slug":"kotitalousvahennys","status":"publish","type":"page","link":"https:\/\/siivousvuoksi.fi\/index.php\/palvelut-kotitalouksille\/kotitalousvahennys\/","title":{"rendered":"Kotitalousv\u00e4hennys"},"content":{"rendered":"<h3>Kotitalousv\u00e4hennys<\/h3>\n<p>Tekem\u00e4st\u00e4mme ty\u00f6st\u00e4 voi saada <strong>kotitalousv\u00e4hennyst\u00e4.<\/strong><\/p>\n<p>Kotitalousv\u00e4hennyksen tarkoitus on parantaa ty\u00f6llisyytt\u00e4 kannustamalla kotitalouksia teett\u00e4m\u00e4\u00e4n ulkopuolisilla sellaisia t\u00f6it\u00e4, jotka ne aikaisemmin ovat tehneet itse. Lis\u00e4ksi v\u00e4hennyksen tarkoitus on edist\u00e4\u00e4 asuntojen omatoimista yll\u00e4pitotoimintaa ja torjua harmaata taloutta. Jos ty\u00f6n tekee ennakkoperint\u00e4rekisteriin merkitty yritys tai yritt\u00e4j\u00e4 taikka yleishy\u00f6dyllinen yhteis\u00f6, v\u00e4hent\u00e4\u00e4 voi osan (50 %) laskussa olevasta ty\u00f6n osuudesta eli ty\u00f6korvauksesta. V\u00e4hennykseen oikeuttaa tavanomainen kotitalous-, hoiva- tai hoitoty\u00f6 sek\u00e4 verovelvollisen asunnon ja vapaa-ajan asunnon kunnossapito- ja perusparannusty\u00f6. <span style=\"color: #003366;\"><em><a style=\"color: #003366;\" href=\"http:\/\/vero.fi\/fi-FI\/Syventavat_veroohjeet\/Henkiloasiakkaan_tuloverotus\/Kotitalousvahennys%2831651%29\" target=\"_blank\" rel=\"noopener\">(www.vero.fi)<\/a><\/em><\/span><\/p>\n<p>Kotitalousv\u00e4hennykseen oikeuttavia t\u00f6it\u00e4 on listattu vero.fi-sivulla:<\/p>\n<p><span style=\"color: #003366;\"><strong><a style=\"color: #003366;\" href=\"http:\/\/vero.fi\/fi-FI\/Henkiloasiakkaat\/Kotitalousvahennys\/Taulukko_kysytyimmista_kotitalousvahenny%289231%29\" target=\"_blank\" rel=\"noopener\">Kotitalousv\u00e4hennykseen oikeuttavat ty\u00f6t<\/a><\/strong><\/span><\/p>\n","protected":false},"excerpt":{"rendered":"<p>Kotitalousv\u00e4hennys Tekem\u00e4st\u00e4mme ty\u00f6st\u00e4 voi saada kotitalousv\u00e4hennyst\u00e4. Kotitalousv\u00e4hennyksen tarkoitus on parantaa ty\u00f6llisyytt\u00e4 kannustamalla kotitalouksia teett\u00e4m\u00e4\u00e4n ulkopuolisilla sellaisia t\u00f6it\u00e4, jotka ne aikaisemmin ovat tehneet itse. Lis\u00e4ksi v\u00e4hennyksen tarkoitus on edist\u00e4\u00e4 asuntojen omatoimista yll\u00e4pitotoimintaa ja torjua harmaata taloutta. Jos ty\u00f6n tekee ennakkoperint\u00e4rekisteriin merkitty yritys tai yritt\u00e4j\u00e4 taikka yleishy\u00f6dyllinen yhteis\u00f6, v\u00e4hent\u00e4\u00e4 voi osan (50 %) laskussa olevasta ty\u00f6n osuudesta [&hellip;]<\/p>\n","protected":false},"author":3,"featured_media":0,"parent":11,"menu_order":0,"comment_status":"closed","ping_status":"closed","template":"","meta":{"_improvement_type_select":"improve_an_existing","_thumb_yes_seoaic":false,"_frame_yes_seoaic":false,"seoaic_generate_description":"","seoaic_improve_instructions_prompt":"","seoaic_rollback_content_improvement":"","seoaic_idea_thumbnail_generator":"","seoaic_article_description":"","footnotes":""},"class_list":["post-96","page","type-page","status-publish","hentry"],"_links":{"self":[{"href":"https:\/\/siivousvuoksi.fi\/index.php\/wp-json\/wp\/v2\/pages\/96","targetHints":{"allow":["GET"]}}],"collection":[{"href":"https:\/\/siivousvuoksi.fi\/index.php\/wp-json\/wp\/v2\/pages"}],"about":[{"href":"https:\/\/siivousvuoksi.fi\/index.php\/wp-json\/wp\/v2\/types\/page"}],"author":[{"embeddable":true,"href":"https:\/\/siivousvuoksi.fi\/index.php\/wp-json\/wp\/v2\/users\/3"}],"replies":[{"embeddable":true,"href":"https:\/\/siivousvuoksi.fi\/index.php\/wp-json\/wp\/v2\/comments?post=96"}],"version-history":[{"count":3,"href":"https:\/\/siivousvuoksi.fi\/index.php\/wp-json\/wp\/v2\/pages\/96\/revisions"}],"predecessor-version":[{"id":290,"href":"https:\/\/siivousvuoksi.fi\/index.php\/wp-json\/wp\/v2\/pages\/96\/revisions\/290"}],"up":[{"embeddable":true,"href":"https:\/\/siivousvuoksi.fi\/index.php\/wp-json\/wp\/v2\/pages\/11"}],"wp:attachment":[{"href":"https:\/\/siivousvuoksi.fi\/index.php\/wp-json\/wp\/v2\/media?parent=96"}],"curies":[{"name":"wp","href":"https:\/\/api.w.org\/{rel}","templated":true}]}}