{"id":9,"date":"2015-05-19T18:22:22","date_gmt":"2015-05-19T18:22:22","guid":{"rendered":"http:\/\/siivousvuoksi.fi\/wp\/?page_id=9"},"modified":"2021-04-15T15:18:46","modified_gmt":"2021-04-15T15:18:46","slug":"palvelut-yrityksille","status":"publish","type":"page","link":"https:\/\/siivousvuoksi.fi\/index.php\/palvelut-yrityksille\/","title":{"rendered":"Palvelut yrityksille"},"content":{"rendered":"<p>Tarjoamme yrityksille, yhteis\u00f6ille ja j\u00e4rjest\u00f6ille r\u00e4\u00e4t\u00e4l\u00f6ityj\u00e4 palveluja sopimus-, rakennus- ja perussiivouskohteisiin. Henkil\u00f6kunnallamme on ty\u00f6turvallisuuskortit ja kuulumme tilaajavastuu.fi-verorekisteriin.<\/p>\n<p>Meilt\u00e4 esimerkiksi:<\/p>\n<ul>\n<li>rakennussiivoukset<\/li>\n<li>ikkunanpesut<\/li>\n<li>vahaukset ja vahanpoistot<\/li>\n<li>toimistojen ja liiketilojen siivoukset<\/li>\n<li>pehmustettujen huonekalujen ja kokolattiamattojen puhdistukset<\/li>\n<li>ja paljon muuta<\/li>\n<\/ul>\n<p>Teemme mielell\u00e4mme tarjouksen tarpeidesi mukaan!<\/p>\n<p>Huomioithan, ett\u00e4 tarjoamme my\u00f6s <a href=\"https:\/\/siivousvuoksi.fi\/index.php\/erikoissiivoukset\/\">erikoissiivouksia<\/a> ja myymme <a href=\"https:\/\/siivousvuoksi.fi\/index.php\/siivoustarvikkeet\/\">siivousv\u00e4lineit\u00e4, -aineita ja -koneita<\/a>.<\/p>\n","protected":false},"excerpt":{"rendered":"<p>Tarjoamme yrityksille, yhteis\u00f6ille ja j\u00e4rjest\u00f6ille r\u00e4\u00e4t\u00e4l\u00f6ityj\u00e4 palveluja sopimus-, rakennus- ja perussiivouskohteisiin. Henkil\u00f6kunnallamme on ty\u00f6turvallisuuskortit ja kuulumme tilaajavastuu.fi-verorekisteriin. Meilt\u00e4 esimerkiksi: rakennussiivoukset ikkunanpesut vahaukset ja vahanpoistot toimistojen ja liiketilojen siivoukset pehmustettujen huonekalujen ja kokolattiamattojen puhdistukset ja paljon muuta Teemme mielell\u00e4mme tarjouksen tarpeidesi mukaan! Huomioithan, ett\u00e4 tarjoamme my\u00f6s erikoissiivouksia ja myymme siivousv\u00e4lineit\u00e4, -aineita ja -koneita.<\/p>\n","protected":false},"author":3,"featured_media":0,"parent":0,"menu_order":0,"comment_status":"closed","ping_status":"closed","template":"","meta":{"_improvement_type_select":"improve_an_existing","_thumb_yes_seoaic":false,"_frame_yes_seoaic":false,"seoaic_generate_description":"","seoaic_improve_instructions_prompt":"","seoaic_rollback_content_improvement":"","seoaic_idea_thumbnail_generator":"","seoaic_article_description":"","footnotes":""},"class_list":["post-9","page","type-page","status-publish","hentry"],"_links":{"self":[{"href":"https:\/\/siivousvuoksi.fi\/index.php\/wp-json\/wp\/v2\/pages\/9","targetHints":{"allow":["GET"]}}],"collection":[{"href":"https:\/\/siivousvuoksi.fi\/index.php\/wp-json\/wp\/v2\/pages"}],"about":[{"href":"https:\/\/siivousvuoksi.fi\/index.php\/wp-json\/wp\/v2\/types\/page"}],"author":[{"embeddable":true,"href":"https:\/\/siivousvuoksi.fi\/index.php\/wp-json\/wp\/v2\/users\/3"}],"replies":[{"embeddable":true,"href":"https:\/\/siivousvuoksi.fi\/index.php\/wp-json\/wp\/v2\/comments?post=9"}],"version-history":[{"count":6,"href":"https:\/\/siivousvuoksi.fi\/index.php\/wp-json\/wp\/v2\/pages\/9\/revisions"}],"predecessor-version":[{"id":315,"href":"https:\/\/siivousvuoksi.fi\/index.php\/wp-json\/wp\/v2\/pages\/9\/revisions\/315"}],"wp:attachment":[{"href":"https:\/\/siivousvuoksi.fi\/index.php\/wp-json\/wp\/v2\/media?parent=9"}],"curies":[{"name":"wp","href":"https:\/\/api.w.org\/{rel}","templated":true}]}}