{"id":312,"date":"2021-04-15T15:17:31","date_gmt":"2021-04-15T15:17:31","guid":{"rendered":"https:\/\/siivousvuoksi.fi\/?page_id=312"},"modified":"2022-06-22T16:28:43","modified_gmt":"2022-06-22T16:28:43","slug":"erikoissiivoukset_vanha","status":"publish","type":"page","link":"https:\/\/siivousvuoksi.fi\/index.php\/erikoissiivoukset_vanha\/","title":{"rendered":"Erikoissiivoukset_vanha"},"content":{"rendered":"\n<p class=\"has-medium-font-size\">Antimikrobiset k\u00e4sittelyt ja nanopinnoitteet nyt meilt\u00e4!<\/p>\n\n\n\n<p>ANTIMIKROBINEN k\u00e4sittely on tarkoitettu erilaisille kosketuspinnoille \u2013 se poistaa jopa 99 prosenttia viruksista ja bakteereista.<\/p>\n\n\n\n<p>NANOPINNOITTEELLA estet\u00e4\u00e4n lian pinttyminen pintoihin esimerkiksi keitti\u00f6ss\u00e4, kylpyhuoneessa, saunassa tai vaikka terassilla. Pinnoitus soveltuu muun muassa laattapinnoille, lasille, puulle sek\u00e4 tiskialtaisiin.<\/p>\n\n\n\n<p>Pinnoitteiden takuu on 1-3 v.<\/p>\n\n\n\n<p>Olemme <a href=\"https:\/\/suojapinnoitus.fi\/vie-tilojesi-hygienia-uudelle-tasolle\/\">Suomen Suojapinnoituksen<\/a> valtuuttama suojapinnoitteiden asentaja.<br>Teemme pinnoitteita kodeissa sek\u00e4 kaikenkokoisissa kiinteist\u00f6iss\u00e4: liiketiloissa, toimistoissa ja taloyhti\u00f6iss\u00e4.<\/p>\n\n\n\n<p><\/p>\n\n\n\n<p class=\"has-medium-font-size\">Teemme my\u00f6s raivaus- ja tulipalosiivouksia, hajunpoistoja ja desinfiointeja.<\/p>\n","protected":false},"excerpt":{"rendered":"<p>Antimikrobiset k\u00e4sittelyt ja nanopinnoitteet nyt meilt\u00e4! ANTIMIKROBINEN k\u00e4sittely on tarkoitettu erilaisille kosketuspinnoille \u2013 se poistaa jopa 99 prosenttia viruksista ja bakteereista. NANOPINNOITTEELLA estet\u00e4\u00e4n lian pinttyminen pintoihin esimerkiksi keitti\u00f6ss\u00e4, kylpyhuoneessa, saunassa tai vaikka terassilla. Pinnoitus soveltuu muun muassa laattapinnoille, lasille, puulle sek\u00e4 tiskialtaisiin. Pinnoitteiden takuu on 1-3 v. Olemme Suomen Suojapinnoituksen valtuuttama suojapinnoitteiden asentaja.Teemme pinnoitteita kodeissa [&hellip;]<\/p>\n","protected":false},"author":3,"featured_media":0,"parent":0,"menu_order":0,"comment_status":"closed","ping_status":"closed","template":"","meta":{"_improvement_type_select":"improve_an_existing","_thumb_yes_seoaic":false,"_frame_yes_seoaic":false,"seoaic_generate_description":"","seoaic_improve_instructions_prompt":"","seoaic_rollback_content_improvement":"","seoaic_idea_thumbnail_generator":"","seoaic_article_description":"","footnotes":""},"class_list":["post-312","page","type-page","status-publish","hentry"],"_links":{"self":[{"href":"https:\/\/siivousvuoksi.fi\/index.php\/wp-json\/wp\/v2\/pages\/312","targetHints":{"allow":["GET"]}}],"collection":[{"href":"https:\/\/siivousvuoksi.fi\/index.php\/wp-json\/wp\/v2\/pages"}],"about":[{"href":"https:\/\/siivousvuoksi.fi\/index.php\/wp-json\/wp\/v2\/types\/page"}],"author":[{"embeddable":true,"href":"https:\/\/siivousvuoksi.fi\/index.php\/wp-json\/wp\/v2\/users\/3"}],"replies":[{"embeddable":true,"href":"https:\/\/siivousvuoksi.fi\/index.php\/wp-json\/wp\/v2\/comments?post=312"}],"version-history":[{"count":2,"href":"https:\/\/siivousvuoksi.fi\/index.php\/wp-json\/wp\/v2\/pages\/312\/revisions"}],"predecessor-version":[{"id":2133,"href":"https:\/\/siivousvuoksi.fi\/index.php\/wp-json\/wp\/v2\/pages\/312\/revisions\/2133"}],"wp:attachment":[{"href":"https:\/\/siivousvuoksi.fi\/index.php\/wp-json\/wp\/v2\/media?parent=312"}],"curies":[{"name":"wp","href":"https:\/\/api.w.org\/{rel}","templated":true}]}}