{"id":27,"date":"2015-05-19T19:33:35","date_gmt":"2015-05-19T19:33:35","guid":{"rendered":"http:\/\/siivousvuoksi.fi\/wp\/?page_id=27"},"modified":"2022-06-22T16:29:22","modified_gmt":"2022-06-22T16:29:22","slug":"siivoustarvikkeet_vanha","status":"publish","type":"page","link":"https:\/\/siivousvuoksi.fi\/index.php\/siivoustarvikkeet_vanha\/","title":{"rendered":"Siivoustarvikkeet_vanha"},"content":{"rendered":"<p>Toimistomme yhteydess\u00e4 myymme kotimaisia, ammattik\u00e4ytt\u00f6\u00f6n suunniteltuja <em><strong><a href=\"https:\/\/www.berner.fi\/pro\/tuoteryhma\/pesu-ja-puhdistusaineet\/\">Bernerin<\/a> <\/strong><\/em>sek\u00e4 ekologisia ja vegaanisia <em><strong><a href=\"https:\/\/www.olehyvaluonnontuote.fi\/category\/38\/puhdas-koti\">Ole hyv\u00e4<\/a><\/strong><\/em> -tuotemerkin siivoustuotteita kuluttajille ja yrityksille. Tunnettuja ja arvostettuja Bernerin tuotemerkkej\u00e4 ovat muun muassa LV ja Heti. Ole Hyv\u00e4 -kodinpesuaineilla puolestaan peset kodin ymp\u00e4rist\u00f6yst\u00e4v\u00e4llisesti ja turvallisesti. Ne sis\u00e4lt\u00e4v\u00e4t vain v\u00e4ltt\u00e4m\u00e4tt\u00f6mi\u00e4 kasviper\u00e4isi\u00e4 ja luontoon sataprosenttisesti hajoavia raaka-aineita.<\/p>\n<p>Muita k\u00e4ytt\u00e4mi\u00e4mme valmistajia ovat mm. Kiilto ja Vileda. Sit\u00e4 mit\u00e4 meilt\u00e4 ei l\u00f6ydy, pystymme tilaamaan asiakkaiden toiveiden mukaan!<\/p>\n<p>Siivousaineiden lis\u00e4ksi meill\u00e4 on laaja valikoima siivousv\u00e4lineit\u00e4, kuten pyyhkeit\u00e4, moppeja, pesimi\u00e4, varsia, pidikkeit\u00e4, hankaimia ja kuivaimia. L\u00f6yd\u00e4t meilt\u00e4 my\u00f6s imurit ja imuritarvikkeet, automaattik\u00e4sipyyhepaperit, WC-paperit, j\u00e4tes\u00e4kit, biopussit, suojak\u00e4sineet, p\u00f6lyhuiskat, laikat, v\u00e4linepidikkeet ja annostelumitat.<\/p>\n<p><img decoding=\"async\" class=\"\" src=\"https:\/\/www.berner.fi\/wp-content\/uploads\/2020\/10\/berner_logo_some.jpg\" alt=\"Berner \u2013 Huomisen puolustaja.\" width=\"216\" height=\"216\" \/><\/p>\n<p><img decoding=\"async\" class=\"\" src=\"https:\/\/www.olehyvaluonnontuote.fi\/files\/OleHyva-logo.png\" alt=\"Ole Hyv\u00e4 Luonnontuote | Ole Hyv\u00e4 Luonnontuote\" width=\"194\" height=\"183\" \/><\/p>\n<p><img decoding=\"async\" class=\"\" src=\"https:\/\/upload.wikimedia.org\/wikipedia\/commons\/8\/83\/Vileda_Logo_aktuell.jpg\" alt=\"Tiedosto:Vileda Logo aktuell.jpg \u2013 Wikipedia\" width=\"190\" height=\"90\" \/><\/p>\n<p><img loading=\"lazy\" decoding=\"async\" class=\"\" src=\"https:\/\/upload.wikimedia.org\/wikipedia\/fi\/1\/16\/Kiilto_logo.jpg\" alt=\"Kiilto (konserni) \u2013 Wikipedia\" width=\"177\" height=\"177\" \/><\/p>\n","protected":false},"excerpt":{"rendered":"<p>Toimistomme yhteydess\u00e4 myymme kotimaisia, ammattik\u00e4ytt\u00f6\u00f6n suunniteltuja Bernerin sek\u00e4 ekologisia ja vegaanisia Ole hyv\u00e4 -tuotemerkin siivoustuotteita kuluttajille ja yrityksille. Tunnettuja ja arvostettuja Bernerin tuotemerkkej\u00e4 ovat muun muassa LV ja Heti. Ole Hyv\u00e4 -kodinpesuaineilla puolestaan peset kodin ymp\u00e4rist\u00f6yst\u00e4v\u00e4llisesti ja turvallisesti. Ne sis\u00e4lt\u00e4v\u00e4t vain v\u00e4ltt\u00e4m\u00e4tt\u00f6mi\u00e4 kasviper\u00e4isi\u00e4 ja luontoon sataprosenttisesti hajoavia raaka-aineita. Muita k\u00e4ytt\u00e4mi\u00e4mme valmistajia ovat mm. Kiilto ja [&hellip;]<\/p>\n","protected":false},"author":3,"featured_media":0,"parent":0,"menu_order":0,"comment_status":"closed","ping_status":"closed","template":"","meta":{"_improvement_type_select":"improve_an_existing","_thumb_yes_seoaic":false,"_frame_yes_seoaic":false,"seoaic_generate_description":"","seoaic_improve_instructions_prompt":"","seoaic_rollback_content_improvement":"","seoaic_idea_thumbnail_generator":"","seoaic_article_description":"","footnotes":""},"class_list":["post-27","page","type-page","status-publish","hentry"],"_links":{"self":[{"href":"https:\/\/siivousvuoksi.fi\/index.php\/wp-json\/wp\/v2\/pages\/27","targetHints":{"allow":["GET"]}}],"collection":[{"href":"https:\/\/siivousvuoksi.fi\/index.php\/wp-json\/wp\/v2\/pages"}],"about":[{"href":"https:\/\/siivousvuoksi.fi\/index.php\/wp-json\/wp\/v2\/types\/page"}],"author":[{"embeddable":true,"href":"https:\/\/siivousvuoksi.fi\/index.php\/wp-json\/wp\/v2\/users\/3"}],"replies":[{"embeddable":true,"href":"https:\/\/siivousvuoksi.fi\/index.php\/wp-json\/wp\/v2\/comments?post=27"}],"version-history":[{"count":13,"href":"https:\/\/siivousvuoksi.fi\/index.php\/wp-json\/wp\/v2\/pages\/27\/revisions"}],"predecessor-version":[{"id":2135,"href":"https:\/\/siivousvuoksi.fi\/index.php\/wp-json\/wp\/v2\/pages\/27\/revisions\/2135"}],"wp:attachment":[{"href":"https:\/\/siivousvuoksi.fi\/index.php\/wp-json\/wp\/v2\/media?parent=27"}],"curies":[{"name":"wp","href":"https:\/\/api.w.org\/{rel}","templated":true}]}}