{"id":13,"date":"2015-05-19T18:23:05","date_gmt":"2015-05-19T18:23:05","guid":{"rendered":"http:\/\/siivousvuoksi.fi\/wp\/?page_id=13"},"modified":"2021-04-15T15:58:20","modified_gmt":"2021-04-15T15:58:20","slug":"tietoa-yrityksesta","status":"publish","type":"page","link":"https:\/\/siivousvuoksi.fi\/index.php\/tietoa-yrityksesta\/","title":{"rendered":"Tietoa yrityksest\u00e4"},"content":{"rendered":"<p>Imatralainen Siivousvuoksi on toiminut menestyksekk\u00e4\u00e4sti jo l\u00e4hes 30 vuotta<strong>.<\/strong> Siivousvuoksessa ty\u00f6skentelee noin 20 ty\u00f6ntekij\u00e4\u00e4, joista yli puolella on yli viiden vuoden kokemus yrityksess\u00e4mme. Siivousvuoksi hoitaa niin paikallisten liikkeiden ja yritysten kuin kotienkin siivoukset. Asiantuntemusta l\u00f6ytyy my\u00f6s ongelmakohteisiin.<\/p>\n<p>Siivousvuoksi Oy:n toiminnasta vastaa Tuula Asikainen. H\u00e4nell\u00e4 on kotitalousteknikon koulutus ja kokemusta Imatran kaupungin siivousty\u00f6njohdosta 10 vuotta sek\u00e4 yritt\u00e4j\u00e4n\u00e4 Siivousvuoksessa l\u00e4hes 30 vuotta.<\/p>\n<blockquote>\n<p>&#8221;Emme liiemmin edes mainosta, vaan ty\u00f6 puhukoon puolestaan.&#8221;<br><em>Tuula Asikainen, yritt\u00e4j\u00e4 (Yritt\u00e4j\u00e4 Etel\u00e4-Karjala 1\/2015)<\/em><\/p>\n<\/blockquote>\n<p>Kaikilla ty\u00f6ntekij\u00f6ill\u00e4mme on ty\u00f6turvallisuuskortti ja ty\u00f6t\u00e4 tukevaa koulutusta j\u00e4rjestet\u00e4\u00e4n vuosittain. Olemme ostaneet tilaajavastuu.fi:st\u00e4 Luotettava kumppani -palvelun, jonka yll\u00e4pit\u00e4m\u00e4 raportti sis\u00e4lt\u00e4\u00e4 ajantasaiset tilaajavastuulain mukaiset tiedot.<\/p>\n<p>Siivousvuoksi on <a href=\"https:\/\/www.vastuugroup.fi\/fi-fi\/\">Luotettava Kumppani.<\/a><\/p>\n<p><a href=\"http:\/\/siivousvuoksi.fi\/wp-content\/uploads\/2015\/05\/luotettavakumppani_RGB_-jpg--e1618501471452.jpg\"><img fetchpriority=\"high\" decoding=\"async\" class=\"wp-image-111 size-medium\" src=\"http:\/\/siivousvuoksi.fi\/wp-content\/uploads\/2015\/05\/luotettavakumppani_RGB_-jpg--300x212.jpg\" alt=\"\" width=\"300\" height=\"212\"><\/a><\/p>\n<p><a href=\"http:\/\/siivousvuoksi.fi\/wp-content\/uploads\/2015\/05\/yrittaja2015.jpg\"><img decoding=\"async\" class=\" size-medium wp-image-66 alignleft\" src=\"http:\/\/siivousvuoksi.fi\/wp-content\/uploads\/2015\/05\/yrittaja2015-300x212.jpg\" alt=\"yrittaja2015\" width=\"300\" height=\"212\" srcset=\"https:\/\/siivousvuoksi.fi\/wp-content\/uploads\/2015\/05\/yrittaja2015-300x212.jpg 300w, https:\/\/siivousvuoksi.fi\/wp-content\/uploads\/2015\/05\/yrittaja2015-1x1.jpg 1w, https:\/\/siivousvuoksi.fi\/wp-content\/uploads\/2015\/05\/yrittaja2015.jpg 792w\" sizes=\"(max-width: 300px) 100vw, 300px\" \/><\/a><\/p>\n<p><\/p>\n<p>Yritt\u00e4j\u00e4<br>Etel\u00e4-Karjala<br>1\/2015<\/p>\n<p><\/p>\n<div data-canvas-width=\"196.536102\">&nbsp;<\/div>\n<div data-canvas-width=\"196.536102\">&nbsp;<\/div>\n<blockquote>\n<div data-canvas-width=\"196.536102\">&#8221;Pyrimme tekem\u00e4\u00e4n ty\u00f6mme mahdollisimman hyvin, niin hyvin ettei kukaan muu tee sit\u00e4 paremmin. Menestyminen tulee silloin sivutuotteena. Pitkien ja hyvien asiakassuhteiden vahvistaminen on minulle kasvua t\u00e4rke\u00e4mp\u00e4\u00e4.&#8221;<br><em>Tuula Asikainen, yritt\u00e4j\u00e4 (Muurahainen 2\/2013)<\/em><\/div>\n<\/blockquote>\n<p><a href=\"http:\/\/siivousvuoksi.fi\/wp-content\/uploads\/2015\/05\/22_02_2013_Muurahainen-6.jpg\"><img decoding=\"async\" class=\" size-medium wp-image-68 alignleft\" src=\"http:\/\/siivousvuoksi.fi\/wp-content\/uploads\/2015\/05\/22_02_2013_Muurahainen-6-208x300.jpg\" alt=\"22_02_2013_Muurahainen-6\" width=\"208\" height=\"300\" srcset=\"https:\/\/siivousvuoksi.fi\/wp-content\/uploads\/2015\/05\/22_02_2013_Muurahainen-6-208x300.jpg 208w, https:\/\/siivousvuoksi.fi\/wp-content\/uploads\/2015\/05\/22_02_2013_Muurahainen-6-1x1.jpg 1w, https:\/\/siivousvuoksi.fi\/wp-content\/uploads\/2015\/05\/22_02_2013_Muurahainen-6.jpg 567w\" sizes=\"(max-width: 208px) 100vw, 208px\" \/><\/a><\/p>\n<p><\/p>\n<p>Muurahainen<br>2\/2013<br>Menestysreseptej\u00e4<\/p>\n\n\n<p><\/p>\n","protected":false},"excerpt":{"rendered":"<p>Imatralainen Siivousvuoksi on toiminut menestyksekk\u00e4\u00e4sti jo l\u00e4hes 30 vuotta. Siivousvuoksessa ty\u00f6skentelee noin 20 ty\u00f6ntekij\u00e4\u00e4, joista yli puolella on yli viiden vuoden kokemus yrityksess\u00e4mme. Siivousvuoksi hoitaa niin paikallisten liikkeiden ja yritysten kuin kotienkin siivoukset. Asiantuntemusta l\u00f6ytyy my\u00f6s ongelmakohteisiin. Siivousvuoksi Oy:n toiminnasta vastaa Tuula Asikainen. H\u00e4nell\u00e4 on kotitalousteknikon koulutus ja kokemusta Imatran kaupungin siivousty\u00f6njohdosta 10 vuotta sek\u00e4 [&hellip;]<\/p>\n","protected":false},"author":3,"featured_media":0,"parent":0,"menu_order":0,"comment_status":"closed","ping_status":"closed","template":"","meta":{"_improvement_type_select":"improve_an_existing","_thumb_yes_seoaic":false,"_frame_yes_seoaic":false,"seoaic_generate_description":"","seoaic_improve_instructions_prompt":"","seoaic_rollback_content_improvement":"","seoaic_idea_thumbnail_generator":"","seoaic_article_description":"","footnotes":""},"class_list":["post-13","page","type-page","status-publish","hentry"],"_links":{"self":[{"href":"https:\/\/siivousvuoksi.fi\/index.php\/wp-json\/wp\/v2\/pages\/13","targetHints":{"allow":["GET"]}}],"collection":[{"href":"https:\/\/siivousvuoksi.fi\/index.php\/wp-json\/wp\/v2\/pages"}],"about":[{"href":"https:\/\/siivousvuoksi.fi\/index.php\/wp-json\/wp\/v2\/types\/page"}],"author":[{"embeddable":true,"href":"https:\/\/siivousvuoksi.fi\/index.php\/wp-json\/wp\/v2\/users\/3"}],"replies":[{"embeddable":true,"href":"https:\/\/siivousvuoksi.fi\/index.php\/wp-json\/wp\/v2\/comments?post=13"}],"version-history":[{"count":18,"href":"https:\/\/siivousvuoksi.fi\/index.php\/wp-json\/wp\/v2\/pages\/13\/revisions"}],"predecessor-version":[{"id":322,"href":"https:\/\/siivousvuoksi.fi\/index.php\/wp-json\/wp\/v2\/pages\/13\/revisions\/322"}],"wp:attachment":[{"href":"https:\/\/siivousvuoksi.fi\/index.php\/wp-json\/wp\/v2\/media?parent=13"}],"curies":[{"name":"wp","href":"https:\/\/api.w.org\/{rel}","templated":true}]}}